{"id":1328,"date":"2025-04-11T10:51:51","date_gmt":"2025-04-11T13:51:51","guid":{"rendered":"https:\/\/sentinela.digital\/site\/?page_id=1328"},"modified":"2025-04-11T11:06:51","modified_gmt":"2025-04-11T14:06:51","slug":"dpo-como-servico","status":"publish","type":"page","link":"https:\/\/sentinela.digital\/site\/dpo-como-servico\/","title":{"rendered":"DPO como servi\u00e7o"},"content":{"rendered":"<p>[et_pb_section fb_built=&#8221;1&#8243; next_background_color=&#8221;#ffffff&#8221; admin_label=&#8221;Header&#8221; _builder_version=&#8221;4.12.0&#8243; background_color=&#8221;#5e378d&#8221; background_image=&#8221;https:\/\/sentinela.digital\/site\/wp-content\/uploads\/2022\/01\/solucoes-protecao-de-dados.jpeg&#8221; background_blend=&#8221;multiply&#8221; custom_margin=&#8221;0px|0px|0px|0px|true|true&#8221; custom_padding=&#8221;0px|0px|0px|0px|true|true&#8221; bottom_divider_style=&#8221;mountains2&#8243; bottom_divider_flip=&#8221;horizontal&#8221; global_colors_info=&#8221;{}&#8221; theme_builder_area=&#8221;post_content&#8221;][et_pb_row column_structure=&#8221;1_2,1_2&#8243; _builder_version=&#8221;4.6.2&#8243; z_index=&#8221;1&#8243; custom_margin=&#8221;||||false|true&#8221; custom_padding=&#8221;10px||10px||true|false&#8221; global_colors_info=&#8221;{}&#8221; theme_builder_area=&#8221;post_content&#8221;][et_pb_column type=&#8221;1_2&#8243; _builder_version=&#8221;4.6.2&#8243; custom_padding=&#8221;100px||100px||true|false&#8221; global_colors_info=&#8221;{}&#8221; theme_builder_area=&#8221;post_content&#8221;][et_pb_text disabled_on=&#8221;on|on|off&#8221; _builder_version=&#8221;4.12.0&#8243; text_font=&#8221;Montserrat Semibold||||||||&#8221; text_text_color=&#8221;#5e378d&#8221; text_font_size=&#8221;46px&#8221; text_line_height=&#8221;1em&#8221; header_font=&#8221;Overpass|900|||||||&#8221; header_font_size=&#8221;84px&#8221; background_layout=&#8221;dark&#8221; custom_margin=&#8221;||||false|false&#8221; custom_padding=&#8221;||||false|false&#8221; hover_enabled=&#8221;0&#8243; header_font_size_tablet=&#8221;54px&#8221; header_font_size_phone=&#8221;32px&#8221; header_font_size_last_edited=&#8221;on|desktop&#8221; locked=&#8221;off&#8221; global_colors_info=&#8221;{}&#8221; theme_builder_area=&#8221;post_content&#8221; sticky_enabled=&#8221;0&#8243;]<\/p>\n<p><span style=\"color: #ffffff;\"><strong>DPO como servi\u00e7o<\/strong><\/span><\/p>\n<p>[\/et_pb_text][et_pb_text disabled_on=&#8221;on|on|off&#8221; _builder_version=&#8221;4.12.0&#8243; text_font=&#8221;Montserrat Light||||||||&#8221; text_text_color=&#8221;#5e378d&#8221; text_font_size=&#8221;20px&#8221; text_line_height=&#8221;1em&#8221; header_font=&#8221;Overpass|900|||||||&#8221; header_font_size=&#8221;84px&#8221; background_layout=&#8221;dark&#8221; custom_margin=&#8221;||||false|false&#8221; custom_padding=&#8221;||||false|false&#8221; header_font_size_tablet=&#8221;54px&#8221; header_font_size_phone=&#8221;32px&#8221; header_font_size_last_edited=&#8221;on|desktop&#8221; locked=&#8221;off&#8221; global_colors_info=&#8221;{}&#8221; theme_builder_area=&#8221;post_content&#8221;]<\/p>\n<p><span style=\"color: #ffffff;\"><em>Seremos o seu DPO nomeado<\/em><\/span><\/p>\n<p>[\/et_pb_text][\/et_pb_column][et_pb_column type=&#8221;1_2&#8243; _builder_version=&#8221;4.0.4&#8243; custom_padding=&#8221;||||false|false&#8221; global_colors_info=&#8221;{}&#8221; theme_builder_area=&#8221;post_content&#8221;][\/et_pb_column][\/et_pb_row][\/et_pb_section][et_pb_section fb_built=&#8221;1&#8243; _builder_version=&#8221;4.12.0&#8243; _module_preset=&#8221;default&#8221; global_colors_info=&#8221;{}&#8221; theme_builder_area=&#8221;post_content&#8221;][et_pb_row column_structure=&#8221;3_5,2_5&#8243; _builder_version=&#8221;4.12.0&#8243; _module_preset=&#8221;default&#8221; global_colors_info=&#8221;{}&#8221; theme_builder_area=&#8221;post_content&#8221;][et_pb_column type=&#8221;3_5&#8243; _builder_version=&#8221;4.12.0&#8243; _module_preset=&#8221;default&#8221; global_colors_info=&#8221;{}&#8221; theme_builder_area=&#8221;post_content&#8221;][et_pb_image src=&#8221;https:\/\/sentinela.digital\/site\/wp-content\/uploads\/2022\/01\/dpo.png&#8221; title_text=&#8221;dpo&#8221; disabled_on=&#8221;off|off|on&#8221; _builder_version=&#8221;4.12.0&#8243; _module_preset=&#8221;default&#8221; global_colors_info=&#8221;{}&#8221; theme_builder_area=&#8221;post_content&#8221;][\/et_pb_image][et_pb_text _builder_version=&#8221;4.12.0&#8243; _module_preset=&#8221;default&#8221; text_font=&#8221;Montserrat Semibold|800|||||||&#8221; text_text_color=&#8221;#5e378d&#8221; text_font_size=&#8221;30px&#8221; text_line_height=&#8221;1.3em&#8221; text_orientation=&#8221;center&#8221; custom_padding=&#8221;||||false|true&#8221; global_colors_info=&#8221;{}&#8221; theme_builder_area=&#8221;post_content&#8221;]<\/p>\n<p style=\"text-align: left;\">DPO como servi\u00e7o<\/p>\n<p>[\/et_pb_text][et_pb_text _builder_version=&#8221;4.12.0&#8243; _module_preset=&#8221;default&#8221; text_font=&#8221;Montserrat Light||||||||&#8221; text_text_color=&#8221;gcid-d1ab4d86-8141-4b54-8ebc-3bd0c859fe54&#8243; text_font_size=&#8221;18px&#8221; text_line_height=&#8221;1.3em&#8221; text_orientation=&#8221;center&#8221; custom_padding=&#8221;||||false|true&#8221; global_colors_info=&#8221;{%22gcid-d1ab4d86-8141-4b54-8ebc-3bd0c859fe54%22:%91%22text_text_color%22%93}&#8221; theme_builder_area=&#8221;post_content&#8221;]<\/p>\n<p class=\"p1\" style=\"text-align: left;\">Ao contratar o Sentinela.Digital para ser o DPO de sua empresa, voc\u00ea contar\u00e1 com profissionais capacitados, que trabalhar\u00e1 na governan\u00e7a da privacidade de dados, organizando frentes de trabalho, gerando vis\u00e3o para sua empresa de quais riscos s\u00e3o eminentes e a sua criticidade, sugerindo planos de a\u00e7\u00f5es.<\/p>\n<p class=\"p1\" style=\"text-align: left;\">Muitas dessas a\u00e7\u00f5es n\u00f3s executamos, outros devem ser endere\u00e7ados \u00e0s \u00e1reas afins.<\/p>\n<p>[\/et_pb_text][\/et_pb_column][et_pb_column type=&#8221;2_5&#8243; _builder_version=&#8221;4.12.0&#8243; _module_preset=&#8221;default&#8221; global_colors_info=&#8221;{}&#8221; theme_builder_area=&#8221;post_content&#8221;][et_pb_image src=&#8221;https:\/\/sentinela.digital\/site\/wp-content\/uploads\/2022\/01\/dpo.png&#8221; title_text=&#8221;dpo&#8221; disabled_on=&#8221;on|on|off&#8221; _builder_version=&#8221;4.12.0&#8243; _module_preset=&#8221;default&#8221; global_colors_info=&#8221;{}&#8221; theme_builder_area=&#8221;post_content&#8221;][\/et_pb_image][\/et_pb_column][\/et_pb_row][et_pb_row _builder_version=&#8221;4.12.0&#8243; _module_preset=&#8221;default&#8221; global_colors_info=&#8221;{}&#8221; theme_builder_area=&#8221;post_content&#8221;][et_pb_column type=&#8221;4_4&#8243; _builder_version=&#8221;4.12.0&#8243; _module_preset=&#8221;default&#8221; global_colors_info=&#8221;{}&#8221; theme_builder_area=&#8221;post_content&#8221;][et_pb_text _builder_version=&#8221;4.12.0&#8243; _module_preset=&#8221;default&#8221; text_font=&#8221;Montserrat Light||||||||&#8221; text_text_color=&#8221;gcid-d1ab4d86-8141-4b54-8ebc-3bd0c859fe54&#8243; text_font_size=&#8221;18px&#8221; text_line_height=&#8221;1.3em&#8221; text_orientation=&#8221;center&#8221; custom_padding=&#8221;||0px||false|true&#8221; global_colors_info=&#8221;{%22gcid-d1ab4d86-8141-4b54-8ebc-3bd0c859fe54%22:%91%22text_text_color%22%93}&#8221; theme_builder_area=&#8221;post_content&#8221;]<\/p>\n<p class=\"p1\" style=\"text-align: left;\"><strong><span style=\"font-size: 18px;\">Nosso modelo de governan\u00e7a da privacidade contempla 3 momentos cont\u00ednuos:<\/span><\/strong><\/p>\n<p>[\/et_pb_text][\/et_pb_column][\/et_pb_row][et_pb_row column_structure=&#8221;1_3,1_3,1_3&#8243; _builder_version=&#8221;4.12.0&#8243; _module_preset=&#8221;default&#8221; global_colors_info=&#8221;{}&#8221; theme_builder_area=&#8221;post_content&#8221;][et_pb_column type=&#8221;1_3&#8243; _builder_version=&#8221;4.12.0&#8243; _module_preset=&#8221;default&#8221; global_colors_info=&#8221;{}&#8221; theme_builder_area=&#8221;post_content&#8221;][et_pb_blurb image=&#8221;https:\/\/sentinela.digital\/site\/wp-content\/uploads\/2021\/06\/cropped-logotipo_sentinela_colorido_simbolo-1.png&#8221; icon_placement=&#8221;left&#8221; _builder_version=&#8221;4.12.0&#8243; _module_preset=&#8221;default&#8221; background_color=&#8221;gcid-d1ec252d-103e-47ab-b1ce-9a85e1182c19&#8243; custom_margin=&#8221;||||true|false&#8221; custom_padding=&#8221;15px|15px|15px|15px|true|true&#8221; border_radii=&#8221;on|15px|15px|15px|15px&#8221; global_colors_info=&#8221;{%22gcid-d1ec252d-103e-47ab-b1ce-9a85e1182c19%22:%91%22background_color%22%93}&#8221; theme_builder_area=&#8221;post_content&#8221;]<\/p>\n<p><strong>Assessment<\/strong> para saber qual n\u00edvel de privacidade de dados a empresa tem no momento, qual n\u00edvel maturidade a empresa quer alcan\u00e7ar no primeiro salto de trabalho.<\/p>\n<p>[\/et_pb_blurb][\/et_pb_column][et_pb_column type=&#8221;1_3&#8243; _builder_version=&#8221;4.12.0&#8243; _module_preset=&#8221;default&#8221; global_colors_info=&#8221;{}&#8221; theme_builder_area=&#8221;post_content&#8221;][et_pb_blurb image=&#8221;https:\/\/sentinela.digital\/site\/wp-content\/uploads\/2021\/06\/cropped-logotipo_sentinela_colorido_simbolo-1.png&#8221; icon_placement=&#8221;left&#8221; _builder_version=&#8221;4.12.0&#8243; _module_preset=&#8221;default&#8221; background_color=&#8221;gcid-d1ec252d-103e-47ab-b1ce-9a85e1182c19&#8243; custom_margin=&#8221;||||true|false&#8221; custom_padding=&#8221;15px|15px|15px|15px|true|true&#8221; border_radii=&#8221;on|15px|15px|15px|15px&#8221; global_colors_info=&#8221;{%22gcid-d1ec252d-103e-47ab-b1ce-9a85e1182c19%22:%91%22background_color%22%93}&#8221; theme_builder_area=&#8221;post_content&#8221;]<\/p>\n<p><strong>An\u00e1lise de riscos relacionados a tecnologia e processos<\/strong>, a qual s\u00e3o mapeados amea\u00e7as e riscos que podem se tornar eminentes, onde o cliente escolhe quais riscos tem apetite para tratar.<\/p>\n<p>[\/et_pb_blurb][\/et_pb_column][et_pb_column type=&#8221;1_3&#8243; _builder_version=&#8221;4.12.0&#8243; _module_preset=&#8221;default&#8221; global_colors_info=&#8221;{}&#8221; theme_builder_area=&#8221;post_content&#8221;][et_pb_blurb image=&#8221;https:\/\/sentinela.digital\/site\/wp-content\/uploads\/2021\/06\/cropped-logotipo_sentinela_colorido_simbolo-1.png&#8221; icon_placement=&#8221;left&#8221; _builder_version=&#8221;4.12.0&#8243; _module_preset=&#8221;default&#8221; background_color=&#8221;gcid-d1ec252d-103e-47ab-b1ce-9a85e1182c19&#8243; custom_margin=&#8221;||||true|false&#8221; custom_padding=&#8221;15px|15px|15px|15px|true|true&#8221; border_radii=&#8221;on|15px|15px|15px|15px&#8221; global_colors_info=&#8221;{%22gcid-d1ec252d-103e-47ab-b1ce-9a85e1182c19%22:%91%22background_color%22%93}&#8221; theme_builder_area=&#8221;post_content&#8221;]<\/p>\n<p><strong>Plano de execu\u00e7\u00e3o e coleta de evid\u00eancia do trabalho executado<\/strong> a favor da privacidade de dados pessoais.<\/p>\n<p>[\/et_pb_blurb][\/et_pb_column][\/et_pb_row][et_pb_row _builder_version=&#8221;4.12.0&#8243; _module_preset=&#8221;default&#8221; global_colors_info=&#8221;{}&#8221; theme_builder_area=&#8221;post_content&#8221;][et_pb_column type=&#8221;4_4&#8243; _builder_version=&#8221;4.12.0&#8243; _module_preset=&#8221;default&#8221; global_colors_info=&#8221;{}&#8221; theme_builder_area=&#8221;post_content&#8221;][et_pb_text _builder_version=&#8221;4.12.0&#8243; _module_preset=&#8221;default&#8221; text_font=&#8221;Montserrat Light||||||||&#8221; text_text_color=&#8221;gcid-d1ab4d86-8141-4b54-8ebc-3bd0c859fe54&#8243; text_font_size=&#8221;18px&#8221; text_line_height=&#8221;1.3em&#8221; text_orientation=&#8221;center&#8221; custom_padding=&#8221;||||false|true&#8221; global_colors_info=&#8221;{%22gcid-d1ab4d86-8141-4b54-8ebc-3bd0c859fe54%22:%91%22text_text_color%22%93}&#8221; theme_builder_area=&#8221;post_content&#8221;]<\/p>\n<p class=\"p1\" style=\"text-align: left;\"><span style=\"font-size: 18px; text-align: center;\">Toda a estrat\u00e9gia \u00e9 baseada no <\/span><strong style=\"font-size: 18px; text-align: center;\">framework<\/strong><span style=\"font-size: 18px; text-align: center;\"> <\/span><strong style=\"font-size: 18px; text-align: center;\">Sentinela.Digital<\/strong><span style=\"font-size: 18px; text-align: center;\">, que prev\u00ea que a seguran\u00e7a e privacidade n\u00e3o s\u00e3o infal\u00edveis e, quando houver necessidades de defesa, o maior conjunto de evid\u00eancias justifica o empenho e a boa-f\u00e9 do controlador de dados.<\/span><\/p>\n<p style=\"text-align: left;\">Onde n\u00e3o \u00e9 necess\u00e1rio ter um recurso alocado dedicado integralmente, gerando custos elevados e muitas vezes, inviabilizando a governan\u00e7a da privacidade atendo \u00e0 LGPD.<\/p>\n<p>[\/et_pb_text][\/et_pb_column][\/et_pb_row][\/et_pb_section][et_pb_section fb_built=&#8221;1&#8243; disabled_on=&#8221;on|on|off&#8221; _builder_version=&#8221;4.12.0&#8243; _module_preset=&#8221;default&#8221; background_color=&#8221;#b4aacf&#8221; global_module=&#8221;1005&#8243; saved_tabs=&#8221;all&#8221; global_colors_info=&#8221;{}&#8221; theme_builder_area=&#8221;post_content&#8221;][et_pb_row _builder_version=&#8221;4.6.2&#8243; _module_preset=&#8221;default&#8221; global_colors_info=&#8221;{}&#8221; theme_builder_area=&#8221;post_content&#8221;][et_pb_column type=&#8221;4_4&#8243; _builder_version=&#8221;4.6.2&#8243; _module_preset=&#8221;default&#8221; global_colors_info=&#8221;{}&#8221; theme_builder_area=&#8221;post_content&#8221;][et_pb_text _builder_version=&#8221;4.6.2&#8243; _module_preset=&#8221;default&#8221; text_font=&#8221;Montserrat Semibold|600|||||||&#8221; text_text_color=&#8221;#5e378d&#8221; text_font_size=&#8221;40px&#8221; text_line_height=&#8221;1.3em&#8221; text_orientation=&#8221;center&#8221; custom_padding=&#8221;|70px||70px|false|true&#8221; global_colors_info=&#8221;{}&#8221; theme_builder_area=&#8221;post_content&#8221;]<\/p>\n<p>Converse agora mesmo com um especialista do Sentinela.Digital.<\/p>\n<p>[\/et_pb_text][et_pb_button button_url=&#8221;https:\/\/conteudo.sentinela.digital\/fale-com-um-especialista&#8221; url_new_window=&#8221;on&#8221; button_text=&#8221;FALAR COM O ESPECIALISTA&#8221; button_alignment=&#8221;center&#8221; _builder_version=&#8221;4.12.0&#8243; _module_preset=&#8221;default&#8221; button_bg_color_gradient_start=&#8221;#27280f&#8221; global_colors_info=&#8221;{}&#8221; theme_builder_area=&#8221;post_content&#8221;][\/et_pb_button][\/et_pb_column][\/et_pb_row][\/et_pb_section][et_pb_section fb_built=&#8221;1&#8243; _builder_version=&#8221;4.12.0&#8243; _module_preset=&#8221;default&#8221; background_color=&#8221;#FFFFFF&#8221; global_module=&#8221;878&#8243; saved_tabs=&#8221;all&#8221; global_colors_info=&#8221;{}&#8221; theme_builder_area=&#8221;post_content&#8221;][et_pb_row column_structure=&#8221;1_2,1_2&#8243; _builder_version=&#8221;4.6.2&#8243; _module_preset=&#8221;default&#8221; global_colors_info=&#8221;{}&#8221; theme_builder_area=&#8221;post_content&#8221;][et_pb_column type=&#8221;1_2&#8243; _builder_version=&#8221;4.12.0&#8243; _module_preset=&#8221;default&#8221; global_colors_info=&#8221;{}&#8221; theme_builder_area=&#8221;post_content&#8221;][et_pb_blurb title=&#8221;E-mail&#8221; use_icon=&#8221;on&#8221; font_icon=&#8221;%%238%%&#8221; icon_color=&#8221;#ffffff&#8221; use_circle=&#8221;on&#8221; circle_color=&#8221;#5E378D&#8221; icon_placement=&#8221;left&#8221; _builder_version=&#8221;4.12.0&#8243; _module_preset=&#8221;default&#8221; header_font=&#8221;Montserrat Semibold||||||||&#8221; header_text_color=&#8221;#5e378d&#8221; body_font=&#8221;Montserrat Regular||||||||&#8221; global_colors_info=&#8221;{}&#8221; theme_builder_area=&#8221;post_content&#8221;]<\/p>\n<p><span>Tem alguma d\u00favida? Podemos te ajudar pelo nosso canal de email.<\/span><\/p>\n<p><strong><a href=\"mailto:contato@sentinela.digital\">contato@sentinela.digital<\/a><\/strong><\/p>\n<p>[\/et_pb_blurb][\/et_pb_column][et_pb_column type=&#8221;1_2&#8243; _builder_version=&#8221;4.6.2&#8243; _module_preset=&#8221;default&#8221; global_colors_info=&#8221;{}&#8221; theme_builder_area=&#8221;post_content&#8221;][et_pb_blurb title=&#8221;WhatsApp&#8221; use_icon=&#8221;on&#8221; font_icon=&#8221;%%249%%&#8221; icon_color=&#8221;#ffffff&#8221; use_circle=&#8221;on&#8221; circle_color=&#8221;#5E378D&#8221; icon_placement=&#8221;left&#8221; _builder_version=&#8221;4.12.0&#8243; _module_preset=&#8221;default&#8221; header_font=&#8221;Montserrat Semibold||||||||&#8221; header_text_color=&#8221;#5e378d&#8221; body_font=&#8221;Montserrat Regular||||||||&#8221; global_colors_info=&#8221;{}&#8221; theme_builder_area=&#8221;post_content&#8221;]<\/p>\n<p class=\"sc-pscky miVAa Channel__StyledTypographyChannelSubtitle-comcqj-2 kXDHGh\">Precisa de uma ajuda agora? Entre em contato com nosso atendimento atrav\u00e9s do WhatsApp <a class=\"sc-pscky jpcelt sc-qZtCU eHrTFO\" href=\"https:\/\/nuapp.nubank.com.br\/bnVhcHA6Ly9jaGF0\" target=\"_blank\" rel=\"noopener\"><\/a>(11) 91140-2828<\/p>\n<p><strong><span style=\"color: #800080;\"><a href=\"https:\/\/api.whatsapp.com\/send?phone=5511911402828&amp;text=Ol%C3%A1%20tudo%20bem%20Edson?\" style=\"color: #5e378d;\">Enviar mensagem<\/a><\/span><\/strong><\/p>\n<p>[\/et_pb_blurb][\/et_pb_column][\/et_pb_row][\/et_pb_section]<\/p>\n","protected":false},"excerpt":{"rendered":"<p>DPO como servi\u00e7oSeremos o seu DPO nomeadoDPO como servi\u00e7oAo contratar o Sentinela.Digital para ser o DPO de sua empresa, voc\u00ea contar\u00e1 com profissionais capacitados, que trabalhar\u00e1 na governan\u00e7a da privacidade de dados, organizando frentes de trabalho, gerando vis\u00e3o para sua empresa de quais riscos s\u00e3o eminentes e a sua criticidade, sugerindo planos de a\u00e7\u00f5es. Muitas [&hellip;]<\/p>\n","protected":false},"author":1,"featured_media":0,"parent":0,"menu_order":0,"comment_status":"closed","ping_status":"closed","template":"","meta":{"_et_pb_use_builder":"on","_et_pb_old_content":"","_et_gb_content_width":"","footnotes":""},"class_list":["post-1328","page","type-page","status-publish","hentry"],"yoast_head":"<!-- This site is optimized with the Yoast SEO plugin v27.3 - https:\/\/yoast.com\/product\/yoast-seo-wordpress\/ -->\n<title>DPO como servi\u00e7o | Sentinela.Digital<\/title>\n<meta name=\"robots\" content=\"index, follow, max-snippet:-1, max-image-preview:large, max-video-preview:-1\" \/>\n<link rel=\"canonical\" href=\"https:\/\/sentinela.digital\/site\/dpo-como-servico\/\" \/>\n<meta property=\"og:locale\" content=\"pt_BR\" \/>\n<meta property=\"og:type\" content=\"article\" \/>\n<meta property=\"og:title\" content=\"DPO como servi\u00e7o | Sentinela.Digital\" \/>\n<meta property=\"og:description\" content=\"DPO como servi\u00e7oSeremos o seu DPO nomeadoDPO como servi\u00e7oAo contratar o Sentinela.Digital para ser o DPO de sua empresa, voc\u00ea contar\u00e1 com profissionais capacitados, que trabalhar\u00e1 na governan\u00e7a da privacidade de dados, organizando frentes de trabalho, gerando vis\u00e3o para sua empresa de quais riscos s\u00e3o eminentes e a sua criticidade, sugerindo planos de a\u00e7\u00f5es. Muitas [&hellip;]\" \/>\n<meta property=\"og:url\" content=\"https:\/\/sentinela.digital\/site\/dpo-como-servico\/\" \/>\n<meta property=\"og:site_name\" content=\"Sentinela.Digital\" \/>\n<meta property=\"article:modified_time\" content=\"2025-04-11T14:06:51+00:00\" \/>\n<meta name=\"twitter:card\" content=\"summary_large_image\" \/>\n<script type=\"application\/ld+json\" class=\"yoast-schema-graph\">{\"@context\":\"https:\\\/\\\/schema.org\",\"@graph\":[{\"@type\":\"WebPage\",\"@id\":\"https:\\\/\\\/sentinela.digital\\\/site\\\/dpo-como-servico\\\/\",\"url\":\"https:\\\/\\\/sentinela.digital\\\/site\\\/dpo-como-servico\\\/\",\"name\":\"DPO como servi\u00e7o | Sentinela.Digital\",\"isPartOf\":{\"@id\":\"https:\\\/\\\/sentinela.digital\\\/site\\\/#website\"},\"datePublished\":\"2025-04-11T13:51:51+00:00\",\"dateModified\":\"2025-04-11T14:06:51+00:00\",\"breadcrumb\":{\"@id\":\"https:\\\/\\\/sentinela.digital\\\/site\\\/dpo-como-servico\\\/#breadcrumb\"},\"inLanguage\":\"pt-BR\",\"potentialAction\":[{\"@type\":\"ReadAction\",\"target\":[\"https:\\\/\\\/sentinela.digital\\\/site\\\/dpo-como-servico\\\/\"]}]},{\"@type\":\"BreadcrumbList\",\"@id\":\"https:\\\/\\\/sentinela.digital\\\/site\\\/dpo-como-servico\\\/#breadcrumb\",\"itemListElement\":[{\"@type\":\"ListItem\",\"position\":1,\"name\":\"In\u00edcio\",\"item\":\"https:\\\/\\\/sentinela.digital\\\/site\\\/\"},{\"@type\":\"ListItem\",\"position\":2,\"name\":\"DPO como servi\u00e7o\"}]},{\"@type\":\"WebSite\",\"@id\":\"https:\\\/\\\/sentinela.digital\\\/site\\\/#website\",\"url\":\"https:\\\/\\\/sentinela.digital\\\/site\\\/\",\"name\":\"Sentinela.Digital\",\"description\":\"DPO as a Service\",\"publisher\":{\"@id\":\"https:\\\/\\\/sentinela.digital\\\/site\\\/#organization\"},\"potentialAction\":[{\"@type\":\"SearchAction\",\"target\":{\"@type\":\"EntryPoint\",\"urlTemplate\":\"https:\\\/\\\/sentinela.digital\\\/site\\\/?s={search_term_string}\"},\"query-input\":{\"@type\":\"PropertyValueSpecification\",\"valueRequired\":true,\"valueName\":\"search_term_string\"}}],\"inLanguage\":\"pt-BR\"},{\"@type\":\"Organization\",\"@id\":\"https:\\\/\\\/sentinela.digital\\\/site\\\/#organization\",\"name\":\"Sentinela.Digital\",\"url\":\"https:\\\/\\\/sentinela.digital\\\/site\\\/\",\"logo\":{\"@type\":\"ImageObject\",\"inLanguage\":\"pt-BR\",\"@id\":\"https:\\\/\\\/sentinela.digital\\\/site\\\/#\\\/schema\\\/logo\\\/image\\\/\",\"url\":\"https:\\\/\\\/sentinela.digital\\\/site\\\/wp-content\\\/uploads\\\/2021\\\/06\\\/logotipo_sentinela_colorido_horizontal_PRINCIPAL.png\",\"contentUrl\":\"https:\\\/\\\/sentinela.digital\\\/site\\\/wp-content\\\/uploads\\\/2021\\\/06\\\/logotipo_sentinela_colorido_horizontal_PRINCIPAL.png\",\"width\":1200,\"height\":313,\"caption\":\"Sentinela.Digital\"},\"image\":{\"@id\":\"https:\\\/\\\/sentinela.digital\\\/site\\\/#\\\/schema\\\/logo\\\/image\\\/\"}}]}<\/script>\n<!-- \/ Yoast SEO plugin. -->","yoast_head_json":{"title":"DPO como servi\u00e7o | Sentinela.Digital","robots":{"index":"index","follow":"follow","max-snippet":"max-snippet:-1","max-image-preview":"max-image-preview:large","max-video-preview":"max-video-preview:-1"},"canonical":"https:\/\/sentinela.digital\/site\/dpo-como-servico\/","og_locale":"pt_BR","og_type":"article","og_title":"DPO como servi\u00e7o | Sentinela.Digital","og_description":"DPO como servi\u00e7oSeremos o seu DPO nomeadoDPO como servi\u00e7oAo contratar o Sentinela.Digital para ser o DPO de sua empresa, voc\u00ea contar\u00e1 com profissionais capacitados, que trabalhar\u00e1 na governan\u00e7a da privacidade de dados, organizando frentes de trabalho, gerando vis\u00e3o para sua empresa de quais riscos s\u00e3o eminentes e a sua criticidade, sugerindo planos de a\u00e7\u00f5es. Muitas [&hellip;]","og_url":"https:\/\/sentinela.digital\/site\/dpo-como-servico\/","og_site_name":"Sentinela.Digital","article_modified_time":"2025-04-11T14:06:51+00:00","twitter_card":"summary_large_image","schema":{"@context":"https:\/\/schema.org","@graph":[{"@type":"WebPage","@id":"https:\/\/sentinela.digital\/site\/dpo-como-servico\/","url":"https:\/\/sentinela.digital\/site\/dpo-como-servico\/","name":"DPO como servi\u00e7o | Sentinela.Digital","isPartOf":{"@id":"https:\/\/sentinela.digital\/site\/#website"},"datePublished":"2025-04-11T13:51:51+00:00","dateModified":"2025-04-11T14:06:51+00:00","breadcrumb":{"@id":"https:\/\/sentinela.digital\/site\/dpo-como-servico\/#breadcrumb"},"inLanguage":"pt-BR","potentialAction":[{"@type":"ReadAction","target":["https:\/\/sentinela.digital\/site\/dpo-como-servico\/"]}]},{"@type":"BreadcrumbList","@id":"https:\/\/sentinela.digital\/site\/dpo-como-servico\/#breadcrumb","itemListElement":[{"@type":"ListItem","position":1,"name":"In\u00edcio","item":"https:\/\/sentinela.digital\/site\/"},{"@type":"ListItem","position":2,"name":"DPO como servi\u00e7o"}]},{"@type":"WebSite","@id":"https:\/\/sentinela.digital\/site\/#website","url":"https:\/\/sentinela.digital\/site\/","name":"Sentinela.Digital","description":"DPO as a Service","publisher":{"@id":"https:\/\/sentinela.digital\/site\/#organization"},"potentialAction":[{"@type":"SearchAction","target":{"@type":"EntryPoint","urlTemplate":"https:\/\/sentinela.digital\/site\/?s={search_term_string}"},"query-input":{"@type":"PropertyValueSpecification","valueRequired":true,"valueName":"search_term_string"}}],"inLanguage":"pt-BR"},{"@type":"Organization","@id":"https:\/\/sentinela.digital\/site\/#organization","name":"Sentinela.Digital","url":"https:\/\/sentinela.digital\/site\/","logo":{"@type":"ImageObject","inLanguage":"pt-BR","@id":"https:\/\/sentinela.digital\/site\/#\/schema\/logo\/image\/","url":"https:\/\/sentinela.digital\/site\/wp-content\/uploads\/2021\/06\/logotipo_sentinela_colorido_horizontal_PRINCIPAL.png","contentUrl":"https:\/\/sentinela.digital\/site\/wp-content\/uploads\/2021\/06\/logotipo_sentinela_colorido_horizontal_PRINCIPAL.png","width":1200,"height":313,"caption":"Sentinela.Digital"},"image":{"@id":"https:\/\/sentinela.digital\/site\/#\/schema\/logo\/image\/"}}]}},"_links":{"self":[{"href":"https:\/\/sentinela.digital\/site\/wp-json\/wp\/v2\/pages\/1328","targetHints":{"allow":["GET"]}}],"collection":[{"href":"https:\/\/sentinela.digital\/site\/wp-json\/wp\/v2\/pages"}],"about":[{"href":"https:\/\/sentinela.digital\/site\/wp-json\/wp\/v2\/types\/page"}],"author":[{"embeddable":true,"href":"https:\/\/sentinela.digital\/site\/wp-json\/wp\/v2\/users\/1"}],"replies":[{"embeddable":true,"href":"https:\/\/sentinela.digital\/site\/wp-json\/wp\/v2\/comments?post=1328"}],"version-history":[{"count":4,"href":"https:\/\/sentinela.digital\/site\/wp-json\/wp\/v2\/pages\/1328\/revisions"}],"predecessor-version":[{"id":1334,"href":"https:\/\/sentinela.digital\/site\/wp-json\/wp\/v2\/pages\/1328\/revisions\/1334"}],"wp:attachment":[{"href":"https:\/\/sentinela.digital\/site\/wp-json\/wp\/v2\/media?parent=1328"}],"curies":[{"name":"wp","href":"https:\/\/api.w.org\/{rel}","templated":true}]}}