{"id":940,"date":"2022-01-14T16:43:05","date_gmt":"2022-01-14T19:43:05","guid":{"rendered":"https:\/\/sentinela.digital\/site\/?page_id=940"},"modified":"2026-02-02T21:42:36","modified_gmt":"2026-02-03T00:42:36","slug":"home","status":"publish","type":"page","link":"https:\/\/sentinela.digital\/site\/","title":{"rendered":"Home"},"content":{"rendered":"<p>[et_pb_section fb_built=&#8221;1&#8243; fullwidth=&#8221;on&#8221; _builder_version=&#8221;4.12.0&#8243; _module_preset=&#8221;default&#8221; bottom_divider_style=&#8221;mountains2&#8243; bottom_divider_color=&#8221;#FFFFFF&#8221; global_colors_info=&#8221;{}&#8221;][et_pb_fullwidth_slider _builder_version=&#8221;4.12.0&#8243; _module_preset=&#8221;default&#8221; global_colors_info=&#8221;{}&#8221;][et_pb_slide heading=&#8221;Certificados digitais&#8221; button_text=&#8221;Saiba mais&#8221; button_link=&#8221;https:\/\/sentinela.digital\/site\/certificados-digitais\/&#8221; url_new_window=&#8221;on&#8221; _builder_version=&#8221;4.12.0&#8243; _module_preset=&#8221;default&#8221; body_font_size=&#8221;17px&#8221; background_image=&#8221;https:\/\/sentinela.digital\/site\/wp-content\/uploads\/2022\/01\/img1-scaled.jpeg&#8221; background_enable_image=&#8221;on&#8221; background_blend=&#8221;multiply&#8221; link_option_url_new_window=&#8221;on&#8221; global_colors_info=&#8221;{}&#8221; sticky_transition=&#8221;on&#8221;][\/et_pb_slide][et_pb_slide heading=&#8221;DPO como servi\u00e7o&#8221; button_text=&#8221;Saiba mais&#8221; button_link=&#8221;https:\/\/sentinela.digital\/site\/dpo-como-servico\/&#8221; url_new_window=&#8221;on&#8221; _builder_version=&#8221;4.12.0&#8243; _module_preset=&#8221;default&#8221; body_font_size=&#8221;17px&#8221; background_image=&#8221;https:\/\/sentinela.digital\/site\/wp-content\/uploads\/2022\/01\/img2.jpeg&#8221; background_enable_image=&#8221;on&#8221; background_blend=&#8221;multiply&#8221; global_colors_info=&#8221;{}&#8221; sticky_transition=&#8221;on&#8221;][\/et_pb_slide][et_pb_slide heading=&#8221;Programa de Educa\u00e7\u00e3o Continuada&#8221; button_text=&#8221;Saiba mais&#8221; button_link=&#8221;https:\/\/sentinela.digital\/site\/educacao-continuada\/&#8221; url_new_window=&#8221;on&#8221; _builder_version=&#8221;4.12.0&#8243; _module_preset=&#8221;default&#8221; body_font_size=&#8221;17px&#8221; background_image=&#8221;https:\/\/sentinela.digital\/site\/wp-content\/uploads\/2022\/01\/img3.jpeg&#8221; background_enable_image=&#8221;on&#8221; background_blend=&#8221;multiply&#8221; global_colors_info=&#8221;{}&#8221; sticky_transition=&#8221;on&#8221;][\/et_pb_slide][\/et_pb_fullwidth_slider][\/et_pb_section][et_pb_section fb_built=&#8221;1&#8243; disabled_on=&#8221;on|on|off&#8221; _builder_version=&#8221;4.12.0&#8243; _module_preset=&#8221;default&#8221; global_colors_info=&#8221;{}&#8221;][et_pb_row _builder_version=&#8221;4.6.2&#8243; _module_preset=&#8221;default&#8221; global_colors_info=&#8221;{}&#8221;][et_pb_column type=&#8221;4_4&#8243; _builder_version=&#8221;4.6.2&#8243; _module_preset=&#8221;default&#8221; global_colors_info=&#8221;{}&#8221;][et_pb_text _builder_version=&#8221;4.6.2&#8243; _module_preset=&#8221;default&#8221; text_font=&#8221;Montserrat Semibold|600|||||||&#8221; text_text_color=&#8221;#5e378d&#8221; text_font_size=&#8221;40px&#8221; text_line_height=&#8221;1.3em&#8221; text_orientation=&#8221;center&#8221; global_colors_info=&#8221;{}&#8221;]Qual problemas resolvemos?[\/et_pb_text][\/et_pb_column][\/et_pb_row][et_pb_row _builder_version=&#8221;4.6.2&#8243; _module_preset=&#8221;default&#8221; global_colors_info=&#8221;{}&#8221;][et_pb_column type=&#8221;4_4&#8243; _builder_version=&#8221;4.6.2&#8243; _module_preset=&#8221;default&#8221; global_colors_info=&#8221;{}&#8221;][et_pb_text _builder_version=&#8221;4.12.0&#8243; _module_preset=&#8221;default&#8221; text_font=&#8221;Montserrat Semibold|500|on||||||&#8221; text_font_size=&#8221;22px&#8221; text_line_height=&#8221;1.3em&#8221; text_orientation=&#8221;center&#8221; global_colors_info=&#8221;{}&#8221;]<span style=\"font-weight: 400;\">Nosso prop\u00f3sito \u00e9 fortalecer seguran\u00e7a da informa\u00e7\u00e3o gerando privacidade de dados, atrav\u00e9s da camada da educa\u00e7\u00e3o dos humanos em sua empresa, atendo assim a LGPD.<\/span>[\/et_pb_text][\/et_pb_column][\/et_pb_row][et_pb_row column_structure=&#8221;1_3,1_3,1_3&#8243; _builder_version=&#8221;4.6.2&#8243; _module_preset=&#8221;default&#8221; global_colors_info=&#8221;{}&#8221;][et_pb_column type=&#8221;1_3&#8243; _builder_version=&#8221;4.6.2&#8243; _module_preset=&#8221;default&#8221; global_colors_info=&#8221;{}&#8221;][et_pb_blurb title=&#8221;Engajamento ao atendimento da LGPD&#8221; image=&#8221;https:\/\/sentinela.digital\/site\/wp-content\/uploads\/2022\/01\/dpo.png&#8221; icon_alignment=&#8221;left&#8221; _builder_version=&#8221;4.12.0&#8243; _module_preset=&#8221;default&#8221; header_font=&#8221;Montserrat Semibold|700|||||||&#8221; header_text_color=&#8221;#5e378d&#8221; body_font=&#8221;Montserrat Light|600|||||||&#8221; global_colors_info=&#8221;{}&#8221;][\/et_pb_blurb][et_pb_button button_url=&#8221;https:\/\/sentinela.digital\/site\/dpo-como-servico\/&#8221; button_text=&#8221;Saiba mais&#8221; button_alignment=&#8221;center&#8221; _builder_version=&#8221;4.12.0&#8243; _module_preset=&#8221;default&#8221; custom_button=&#8221;on&#8221; button_text_size=&#8221;16px&#8221; button_border_radius=&#8221;87px&#8221; global_colors_info=&#8221;{}&#8221;][\/et_pb_button][\/et_pb_column][et_pb_column type=&#8221;1_3&#8243; _builder_version=&#8221;4.6.2&#8243; _module_preset=&#8221;default&#8221; global_colors_info=&#8221;{}&#8221;][et_pb_blurb title=&#8221;Engajamento \u00e0 seguran\u00e7a da informa\u00e7\u00e3o e suas camadas de prote\u00e7\u00e3o e preven\u00e7\u00e3o de vazamento de dados&#8221; image=&#8221;https:\/\/sentinela.digital\/site\/wp-content\/uploads\/2022\/01\/treinamento.png&#8221; _builder_version=&#8221;4.12.0&#8243; _module_preset=&#8221;default&#8221; header_font=&#8221;Montserrat Regular|700|||||||&#8221; header_text_color=&#8221;#5e378d&#8221; body_font=&#8221;Montserrat Light|600|||||||&#8221; global_colors_info=&#8221;{}&#8221;][\/et_pb_blurb][et_pb_button button_url=&#8221;https:\/\/sentinela.digital\/site\/educacao-continuada\/&#8221; button_text=&#8221;Saiba mais&#8221; button_alignment=&#8221;center&#8221; _builder_version=&#8221;4.12.0&#8243; _module_preset=&#8221;default&#8221; custom_button=&#8221;on&#8221; button_text_size=&#8221;16px&#8221; button_border_radius=&#8221;87px&#8221; global_colors_info=&#8221;{}&#8221;][\/et_pb_button][\/et_pb_column][et_pb_column type=&#8221;1_3&#8243; _builder_version=&#8221;4.6.2&#8243; _module_preset=&#8221;default&#8221; global_colors_info=&#8221;{}&#8221;][et_pb_blurb title=&#8221;Autentica\u00e7\u00e3o forte com certificado digital&#8221; image=&#8221;https:\/\/sentinela.digital\/site\/wp-content\/uploads\/2022\/01\/plataforma.png&#8221; _builder_version=&#8221;4.12.0&#8243; _module_preset=&#8221;default&#8221; header_font=&#8221;Montserrat Regular|700|||||||&#8221; header_text_color=&#8221;#5e378d&#8221; body_font=&#8221;Montserrat Light|600|||||||&#8221; global_colors_info=&#8221;{}&#8221;][\/et_pb_blurb][et_pb_button button_url=&#8221;https:\/\/sentinela.digital\/site\/certificados-digitais\/&#8221; button_text=&#8221;Saiba mais&#8221; button_alignment=&#8221;center&#8221; _builder_version=&#8221;4.12.0&#8243; _module_preset=&#8221;default&#8221; custom_button=&#8221;on&#8221; button_text_size=&#8221;16px&#8221; button_border_radius=&#8221;87px&#8221; global_colors_info=&#8221;{}&#8221;][\/et_pb_button][\/et_pb_column][\/et_pb_row][\/et_pb_section][et_pb_section fb_built=&#8221;1&#8243; disabled_on=&#8221;off|off|on&#8221; _builder_version=&#8221;4.12.0&#8243; _module_preset=&#8221;default&#8221; global_colors_info=&#8221;{}&#8221;][et_pb_row _builder_version=&#8221;4.6.2&#8243; _module_preset=&#8221;default&#8221; global_colors_info=&#8221;{}&#8221;][et_pb_column type=&#8221;4_4&#8243; _builder_version=&#8221;4.6.2&#8243; _module_preset=&#8221;default&#8221; global_colors_info=&#8221;{}&#8221;][et_pb_text _builder_version=&#8221;4.6.2&#8243; _module_preset=&#8221;default&#8221; text_font=&#8221;Montserrat Semibold|600|||||||&#8221; text_text_color=&#8221;#5e378d&#8221; text_font_size=&#8221;40px&#8221; text_line_height=&#8221;1.3em&#8221; text_orientation=&#8221;center&#8221; global_colors_info=&#8221;{}&#8221;]Qual problemas resolvemos?[\/et_pb_text][\/et_pb_column][\/et_pb_row][et_pb_row _builder_version=&#8221;4.6.2&#8243; _module_preset=&#8221;default&#8221; global_colors_info=&#8221;{}&#8221;][et_pb_column type=&#8221;4_4&#8243; _builder_version=&#8221;4.6.2&#8243; _module_preset=&#8221;default&#8221; global_colors_info=&#8221;{}&#8221;][et_pb_text _builder_version=&#8221;4.12.0&#8243; _module_preset=&#8221;default&#8221; text_font=&#8221;Montserrat Semibold|500|on||||||&#8221; text_font_size=&#8221;22px&#8221; text_line_height=&#8221;1.3em&#8221; text_orientation=&#8221;center&#8221; global_colors_info=&#8221;{}&#8221;]Nosso prop\u00f3sito \u00e9 ser um HUB de solu\u00e7\u00f5es para atender as MPMEs (micros, pequenas e m\u00e9dias empresas) quando o assunto \u00e9 privacidade de dados pessoais e LGPD. [\/et_pb_text][\/et_pb_column][\/et_pb_row][et_pb_row column_structure=&#8221;1_3,1_3,1_3&#8243; _builder_version=&#8221;4.6.2&#8243; _module_preset=&#8221;default&#8221; global_colors_info=&#8221;{}&#8221;][et_pb_column type=&#8221;1_3&#8243; _builder_version=&#8221;4.6.2&#8243; _module_preset=&#8221;default&#8221; global_colors_info=&#8221;{}&#8221;][et_pb_blurb title=&#8221;PSD &#8211; Plataforma Sentinela.Digital&#8221; image=&#8221;https:\/\/sentinela.digital\/site\/wp-content\/uploads\/2022\/01\/plataforma.png&#8221; icon_alignment=&#8221;left&#8221; _builder_version=&#8221;4.12.0&#8243; _module_preset=&#8221;default&#8221; header_font=&#8221;Montserrat Semibold|700|||||||&#8221; header_text_color=&#8221;#5e378d&#8221; body_font=&#8221;Montserrat Light|600|||||||&#8221; global_colors_info=&#8221;{}&#8221;]<\/p>\n<p class=\"p1\">Plataforma de gest\u00e3o para empresas que optaram por fazer a pr\u00f3pria gest\u00e3o da privacidade de dados pessoais. \u201cPSD &#8211; Plataforma Sentinela.Digital\u201d.<\/p>\n<p>[\/et_pb_blurb][et_pb_button button_url=&#8221;https:\/\/sentinela.digital\/solucoes\/&#8221; button_text=&#8221;Saiba mais&#8221; button_alignment=&#8221;center&#8221; _builder_version=&#8221;4.12.0&#8243; _module_preset=&#8221;default&#8221; custom_button=&#8221;on&#8221; button_text_size=&#8221;16px&#8221; button_border_radius=&#8221;87px&#8221; global_colors_info=&#8221;{}&#8221;][\/et_pb_button][\/et_pb_column][et_pb_column type=&#8221;1_3&#8243; _builder_version=&#8221;4.6.2&#8243; _module_preset=&#8221;default&#8221; global_colors_info=&#8221;{}&#8221;][et_pb_blurb title=&#8221;Treinamento: Forma\u00e7\u00e3o de DPO&#8221; image=&#8221;https:\/\/sentinela.digital\/site\/wp-content\/uploads\/2022\/01\/treinamento.png&#8221; _builder_version=&#8221;4.12.0&#8243; _module_preset=&#8221;default&#8221; header_font=&#8221;Montserrat Regular|700|||||||&#8221; header_text_color=&#8221;#5e378d&#8221; body_font=&#8221;Montserrat Light|600|||||||&#8221; global_colors_info=&#8221;{}&#8221;]<\/p>\n<p class=\"p1\">O treinamento de forma\u00e7\u00e3o de DPOs \u00e9 destinado \u00e0queles que querem empreender ou se tornar um DPO interno na empresa que trabalha.<\/p>\n<p>[\/et_pb_blurb][et_pb_button button_url=&#8221;https:\/\/sentinela.digital\/solucoes\/&#8221; button_text=&#8221;Saiba mais&#8221; button_alignment=&#8221;center&#8221; _builder_version=&#8221;4.12.0&#8243; _module_preset=&#8221;default&#8221; custom_button=&#8221;on&#8221; button_text_size=&#8221;16px&#8221; button_border_radius=&#8221;87px&#8221; global_colors_info=&#8221;{}&#8221;][\/et_pb_button][\/et_pb_column][et_pb_column type=&#8221;1_3&#8243; _builder_version=&#8221;4.6.2&#8243; _module_preset=&#8221;default&#8221; global_colors_info=&#8221;{}&#8221;][et_pb_blurb title=&#8221;DPO as a Service&#8221; image=&#8221;https:\/\/sentinela.digital\/site\/wp-content\/uploads\/2022\/01\/dpo.png&#8221; _builder_version=&#8221;4.12.0&#8243; _module_preset=&#8221;default&#8221; header_font=&#8221;Montserrat Regular|700|||||||&#8221; header_text_color=&#8221;#5e378d&#8221; body_font=&#8221;Montserrat Light|600|||||||&#8221; global_colors_info=&#8221;{}&#8221;]<\/p>\n<p class=\"p1\">Servi\u00e7o de DPO, para empresas que querem terceirizar o servi\u00e7o, e n\u00e3o disp\u00f5e de energia para conduzir a governan\u00e7a da privacidade de dados.<\/p>\n<p>[\/et_pb_blurb][et_pb_button button_url=&#8221;https:\/\/sentinela.digital\/solucoes\/&#8221; button_text=&#8221;Saiba mais&#8221; button_alignment=&#8221;center&#8221; _builder_version=&#8221;4.12.0&#8243; _module_preset=&#8221;default&#8221; custom_button=&#8221;on&#8221; button_text_size=&#8221;16px&#8221; button_border_radius=&#8221;87px&#8221; global_colors_info=&#8221;{}&#8221;][\/et_pb_button][\/et_pb_column][\/et_pb_row][\/et_pb_section][et_pb_section fb_built=&#8221;1&#8243; disabled_on=&#8221;on|on|off&#8221; _builder_version=&#8221;4.12.0&#8243; _module_preset=&#8221;default&#8221; background_color=&#8221;#b4aacf&#8221; global_module=&#8221;1005&#8243; saved_tabs=&#8221;all&#8221; global_colors_info=&#8221;{}&#8221;][et_pb_row _builder_version=&#8221;4.6.2&#8243; _module_preset=&#8221;default&#8221; global_colors_info=&#8221;{}&#8221;][et_pb_column type=&#8221;4_4&#8243; _builder_version=&#8221;4.6.2&#8243; _module_preset=&#8221;default&#8221; global_colors_info=&#8221;{}&#8221;][et_pb_text _builder_version=&#8221;4.6.2&#8243; _module_preset=&#8221;default&#8221; text_font=&#8221;Montserrat Semibold|600|||||||&#8221; text_text_color=&#8221;#5e378d&#8221; text_font_size=&#8221;40px&#8221; text_line_height=&#8221;1.3em&#8221; text_orientation=&#8221;center&#8221; custom_padding=&#8221;|70px||70px|false|true&#8221; global_colors_info=&#8221;{}&#8221;]<\/p>\n<p>Converse agora mesmo com um especialista do Sentinela.Digital.<\/p>\n<p>[\/et_pb_text][et_pb_button button_url=&#8221;https:\/\/wa.me\/5511911402828?text=Ol%C3%A1%2C%20Marcus.%20Quero%20falar%20sobre%20LGPD.&#8221; url_new_window=&#8221;on&#8221; button_text=&#8221;FALAR COM O ESPECIALISTA&#8221; button_alignment=&#8221;center&#8221; _builder_version=&#8221;4.12.0&#8243; _module_preset=&#8221;default&#8221; button_bg_color_gradient_start=&#8221;#27280f&#8221; global_colors_info=&#8221;{}&#8221;][\/et_pb_button][\/et_pb_column][\/et_pb_row][\/et_pb_section][et_pb_section fb_built=&#8221;1&#8243; disabled_on=&#8221;off|off|on&#8221; _builder_version=&#8221;4.12.0&#8243; _module_preset=&#8221;default&#8221; background_color=&#8221;#b4aacf&#8221; saved_tabs=&#8221;all&#8221; global_colors_info=&#8221;{}&#8221;][et_pb_row _builder_version=&#8221;4.6.2&#8243; _module_preset=&#8221;default&#8221; global_colors_info=&#8221;{}&#8221;][et_pb_column type=&#8221;4_4&#8243; _builder_version=&#8221;4.6.2&#8243; _module_preset=&#8221;default&#8221; global_colors_info=&#8221;{}&#8221;][et_pb_text _builder_version=&#8221;4.12.0&#8243; _module_preset=&#8221;default&#8221; text_font=&#8221;Montserrat Semibold|600|||||||&#8221; text_text_color=&#8221;#5e378d&#8221; text_font_size=&#8221;30px&#8221; text_line_height=&#8221;1.3em&#8221; text_orientation=&#8221;center&#8221; custom_padding=&#8221;|0px||0px|false|true&#8221; global_colors_info=&#8221;{}&#8221;]Converse agora mesmo com um especialista do Sentinela.Digital.[\/et_pb_text][et_pb_button button_url=&#8221;https:\/\/wa.me\/5511911402828?text=Ol%C3%A1%2C%20Marcus.%20Quero%20falar%20sobre%20LGPD.&#8221; url_new_window=&#8221;on&#8221; button_text=&#8221;FALAR COM O ESPECIALISTA&#8221; button_alignment=&#8221;center&#8221; _builder_version=&#8221;4.12.0&#8243; _module_preset=&#8221;default&#8221; custom_button=&#8221;on&#8221; button_text_size=&#8221;15px&#8221; button_bg_color_gradient_start=&#8221;#27280f&#8221; global_colors_info=&#8221;{}&#8221;][\/et_pb_button][\/et_pb_column][\/et_pb_row][\/et_pb_section][et_pb_section fb_built=&#8221;1&#8243; _builder_version=&#8221;4.12.0&#8243; _module_preset=&#8221;default&#8221; background_color=&#8221;#FFFFFF&#8221; global_module=&#8221;878&#8243; saved_tabs=&#8221;all&#8221; global_colors_info=&#8221;{}&#8221;][et_pb_row column_structure=&#8221;1_2,1_2&#8243; _builder_version=&#8221;4.6.2&#8243; _module_preset=&#8221;default&#8221; global_colors_info=&#8221;{}&#8221;][et_pb_column type=&#8221;1_2&#8243; _builder_version=&#8221;4.12.0&#8243; _module_preset=&#8221;default&#8221; global_colors_info=&#8221;{}&#8221;][et_pb_blurb title=&#8221;E-mail&#8221; use_icon=&#8221;on&#8221; font_icon=&#8221;%%238%%&#8221; icon_color=&#8221;#ffffff&#8221; use_circle=&#8221;on&#8221; circle_color=&#8221;#5E378D&#8221; icon_placement=&#8221;left&#8221; _builder_version=&#8221;4.12.0&#8243; _module_preset=&#8221;default&#8221; header_font=&#8221;Montserrat Semibold||||||||&#8221; header_text_color=&#8221;#5e378d&#8221; body_font=&#8221;Montserrat Regular||||||||&#8221; global_colors_info=&#8221;{}&#8221;]<\/p>\n<p><span>Tem alguma d\u00favida? Podemos te ajudar pelo nosso canal de email.<\/span><\/p>\n<p><strong><a href=\"mailto:contato@sentinela.digital\">contato@sentinela.digital<\/a><\/strong><\/p>\n<p>[\/et_pb_blurb][\/et_pb_column][et_pb_column type=&#8221;1_2&#8243; _builder_version=&#8221;4.6.2&#8243; _module_preset=&#8221;default&#8221; global_colors_info=&#8221;{}&#8221;][et_pb_blurb title=&#8221;WhatsApp&#8221; use_icon=&#8221;on&#8221; font_icon=&#8221;%%249%%&#8221; icon_color=&#8221;#ffffff&#8221; use_circle=&#8221;on&#8221; circle_color=&#8221;#5E378D&#8221; icon_placement=&#8221;left&#8221; _builder_version=&#8221;4.12.0&#8243; _module_preset=&#8221;default&#8221; header_font=&#8221;Montserrat Semibold||||||||&#8221; header_text_color=&#8221;#5e378d&#8221; body_font=&#8221;Montserrat Regular||||||||&#8221; global_colors_info=&#8221;{}&#8221;]<\/p>\n<p class=\"sc-pscky miVAa Channel__StyledTypographyChannelSubtitle-comcqj-2 kXDHGh\">Precisa de uma ajuda agora? Entre em contato com nosso atendimento atrav\u00e9s do WhatsApp <a class=\"sc-pscky jpcelt sc-qZtCU eHrTFO\" href=\"https:\/\/nuapp.nubank.com.br\/bnVhcHA6Ly9jaGF0\" target=\"_blank\" rel=\"noopener\"><\/a>(11) 97614-4811<\/p>\n<blockquote><\/blockquote>\n<p><strong><span style=\"color: #800080;\"><a href=\"https:\/\/api.whatsapp.com\/send?phone=5511911402828&amp;text=Ol%C3%A1%20tudo%20bem%20Edson?\" style=\"color: #5e378d;\">Enviar mensagem<\/a><\/span><\/strong><\/p>\n<blockquote><\/blockquote>\n<p>[\/et_pb_blurb][\/et_pb_column][\/et_pb_row][\/et_pb_section]<\/p>\n","protected":false},"excerpt":{"rendered":"<p>Qual problemas resolvemos?Nosso prop\u00f3sito \u00e9 fortalecer seguran\u00e7a da informa\u00e7\u00e3o gerando privacidade de dados, atrav\u00e9s da camada da educa\u00e7\u00e3o dos humanos em sua empresa, atendo assim a LGPD.Qual problemas resolvemos?Nosso prop\u00f3sito \u00e9 ser um HUB de solu\u00e7\u00f5es para atender as MPMEs (micros, pequenas e m\u00e9dias empresas) quando o assunto \u00e9 privacidade de dados pessoais e LGPD. [&hellip;]<\/p>\n","protected":false},"author":1,"featured_media":0,"parent":0,"menu_order":0,"comment_status":"closed","ping_status":"closed","template":"","meta":{"_et_pb_use_builder":"on","_et_pb_old_content":"","_et_gb_content_width":"","footnotes":""},"class_list":["post-940","page","type-page","status-publish","hentry"],"yoast_head":"<!-- This site is optimized with the Yoast SEO plugin v27.3 - https:\/\/yoast.com\/product\/yoast-seo-wordpress\/ -->\n<title>Home | Sentinela.Digital<\/title>\n<meta name=\"robots\" content=\"index, follow, max-snippet:-1, max-image-preview:large, max-video-preview:-1\" \/>\n<link rel=\"canonical\" href=\"https:\/\/sentinela.digital\/site\/\" \/>\n<meta property=\"og:locale\" content=\"pt_BR\" \/>\n<meta property=\"og:type\" content=\"article\" \/>\n<meta property=\"og:title\" content=\"Home | Sentinela.Digital\" \/>\n<meta property=\"og:description\" content=\"Qual problemas resolvemos?Nosso prop\u00f3sito \u00e9 fortalecer seguran\u00e7a da informa\u00e7\u00e3o gerando privacidade de dados, atrav\u00e9s da camada da educa\u00e7\u00e3o dos humanos em sua empresa, atendo assim a LGPD.Qual problemas resolvemos?Nosso prop\u00f3sito \u00e9 ser um HUB de solu\u00e7\u00f5es para atender as MPMEs (micros, pequenas e m\u00e9dias empresas) quando o assunto \u00e9 privacidade de dados pessoais e LGPD. [&hellip;]\" \/>\n<meta property=\"og:url\" content=\"https:\/\/sentinela.digital\/site\/\" \/>\n<meta property=\"og:site_name\" content=\"Sentinela.Digital\" \/>\n<meta property=\"article:modified_time\" content=\"2026-02-03T00:42:36+00:00\" \/>\n<meta name=\"twitter:card\" content=\"summary_large_image\" \/>\n<meta name=\"twitter:label1\" content=\"Est. tempo de leitura\" \/>\n\t<meta name=\"twitter:data1\" content=\"4 minutos\" \/>\n<script type=\"application\/ld+json\" class=\"yoast-schema-graph\">{\"@context\":\"https:\\\/\\\/schema.org\",\"@graph\":[{\"@type\":\"WebPage\",\"@id\":\"https:\\\/\\\/sentinela.digital\\\/site\\\/\",\"url\":\"https:\\\/\\\/sentinela.digital\\\/site\\\/\",\"name\":\"Home | Sentinela.Digital\",\"isPartOf\":{\"@id\":\"https:\\\/\\\/sentinela.digital\\\/site\\\/#website\"},\"datePublished\":\"2022-01-14T19:43:05+00:00\",\"dateModified\":\"2026-02-03T00:42:36+00:00\",\"breadcrumb\":{\"@id\":\"https:\\\/\\\/sentinela.digital\\\/site\\\/#breadcrumb\"},\"inLanguage\":\"pt-BR\",\"potentialAction\":[{\"@type\":\"ReadAction\",\"target\":[\"https:\\\/\\\/sentinela.digital\\\/site\\\/\"]}]},{\"@type\":\"BreadcrumbList\",\"@id\":\"https:\\\/\\\/sentinela.digital\\\/site\\\/#breadcrumb\",\"itemListElement\":[{\"@type\":\"ListItem\",\"position\":1,\"name\":\"In\u00edcio\",\"item\":\"https:\\\/\\\/sentinela.digital\\\/site\\\/\"},{\"@type\":\"ListItem\",\"position\":2,\"name\":\"Home\"}]},{\"@type\":\"WebSite\",\"@id\":\"https:\\\/\\\/sentinela.digital\\\/site\\\/#website\",\"url\":\"https:\\\/\\\/sentinela.digital\\\/site\\\/\",\"name\":\"Sentinela.Digital\",\"description\":\"DPO as a Service\",\"publisher\":{\"@id\":\"https:\\\/\\\/sentinela.digital\\\/site\\\/#organization\"},\"potentialAction\":[{\"@type\":\"SearchAction\",\"target\":{\"@type\":\"EntryPoint\",\"urlTemplate\":\"https:\\\/\\\/sentinela.digital\\\/site\\\/?s={search_term_string}\"},\"query-input\":{\"@type\":\"PropertyValueSpecification\",\"valueRequired\":true,\"valueName\":\"search_term_string\"}}],\"inLanguage\":\"pt-BR\"},{\"@type\":\"Organization\",\"@id\":\"https:\\\/\\\/sentinela.digital\\\/site\\\/#organization\",\"name\":\"Sentinela.Digital\",\"url\":\"https:\\\/\\\/sentinela.digital\\\/site\\\/\",\"logo\":{\"@type\":\"ImageObject\",\"inLanguage\":\"pt-BR\",\"@id\":\"https:\\\/\\\/sentinela.digital\\\/site\\\/#\\\/schema\\\/logo\\\/image\\\/\",\"url\":\"https:\\\/\\\/sentinela.digital\\\/site\\\/wp-content\\\/uploads\\\/2021\\\/06\\\/logotipo_sentinela_colorido_horizontal_PRINCIPAL.png\",\"contentUrl\":\"https:\\\/\\\/sentinela.digital\\\/site\\\/wp-content\\\/uploads\\\/2021\\\/06\\\/logotipo_sentinela_colorido_horizontal_PRINCIPAL.png\",\"width\":1200,\"height\":313,\"caption\":\"Sentinela.Digital\"},\"image\":{\"@id\":\"https:\\\/\\\/sentinela.digital\\\/site\\\/#\\\/schema\\\/logo\\\/image\\\/\"}}]}<\/script>\n<!-- \/ Yoast SEO plugin. -->","yoast_head_json":{"title":"Home | Sentinela.Digital","robots":{"index":"index","follow":"follow","max-snippet":"max-snippet:-1","max-image-preview":"max-image-preview:large","max-video-preview":"max-video-preview:-1"},"canonical":"https:\/\/sentinela.digital\/site\/","og_locale":"pt_BR","og_type":"article","og_title":"Home | Sentinela.Digital","og_description":"Qual problemas resolvemos?Nosso prop\u00f3sito \u00e9 fortalecer seguran\u00e7a da informa\u00e7\u00e3o gerando privacidade de dados, atrav\u00e9s da camada da educa\u00e7\u00e3o dos humanos em sua empresa, atendo assim a LGPD.Qual problemas resolvemos?Nosso prop\u00f3sito \u00e9 ser um HUB de solu\u00e7\u00f5es para atender as MPMEs (micros, pequenas e m\u00e9dias empresas) quando o assunto \u00e9 privacidade de dados pessoais e LGPD. [&hellip;]","og_url":"https:\/\/sentinela.digital\/site\/","og_site_name":"Sentinela.Digital","article_modified_time":"2026-02-03T00:42:36+00:00","twitter_card":"summary_large_image","twitter_misc":{"Est. tempo de leitura":"4 minutos"},"schema":{"@context":"https:\/\/schema.org","@graph":[{"@type":"WebPage","@id":"https:\/\/sentinela.digital\/site\/","url":"https:\/\/sentinela.digital\/site\/","name":"Home | Sentinela.Digital","isPartOf":{"@id":"https:\/\/sentinela.digital\/site\/#website"},"datePublished":"2022-01-14T19:43:05+00:00","dateModified":"2026-02-03T00:42:36+00:00","breadcrumb":{"@id":"https:\/\/sentinela.digital\/site\/#breadcrumb"},"inLanguage":"pt-BR","potentialAction":[{"@type":"ReadAction","target":["https:\/\/sentinela.digital\/site\/"]}]},{"@type":"BreadcrumbList","@id":"https:\/\/sentinela.digital\/site\/#breadcrumb","itemListElement":[{"@type":"ListItem","position":1,"name":"In\u00edcio","item":"https:\/\/sentinela.digital\/site\/"},{"@type":"ListItem","position":2,"name":"Home"}]},{"@type":"WebSite","@id":"https:\/\/sentinela.digital\/site\/#website","url":"https:\/\/sentinela.digital\/site\/","name":"Sentinela.Digital","description":"DPO as a Service","publisher":{"@id":"https:\/\/sentinela.digital\/site\/#organization"},"potentialAction":[{"@type":"SearchAction","target":{"@type":"EntryPoint","urlTemplate":"https:\/\/sentinela.digital\/site\/?s={search_term_string}"},"query-input":{"@type":"PropertyValueSpecification","valueRequired":true,"valueName":"search_term_string"}}],"inLanguage":"pt-BR"},{"@type":"Organization","@id":"https:\/\/sentinela.digital\/site\/#organization","name":"Sentinela.Digital","url":"https:\/\/sentinela.digital\/site\/","logo":{"@type":"ImageObject","inLanguage":"pt-BR","@id":"https:\/\/sentinela.digital\/site\/#\/schema\/logo\/image\/","url":"https:\/\/sentinela.digital\/site\/wp-content\/uploads\/2021\/06\/logotipo_sentinela_colorido_horizontal_PRINCIPAL.png","contentUrl":"https:\/\/sentinela.digital\/site\/wp-content\/uploads\/2021\/06\/logotipo_sentinela_colorido_horizontal_PRINCIPAL.png","width":1200,"height":313,"caption":"Sentinela.Digital"},"image":{"@id":"https:\/\/sentinela.digital\/site\/#\/schema\/logo\/image\/"}}]}},"_links":{"self":[{"href":"https:\/\/sentinela.digital\/site\/wp-json\/wp\/v2\/pages\/940","targetHints":{"allow":["GET"]}}],"collection":[{"href":"https:\/\/sentinela.digital\/site\/wp-json\/wp\/v2\/pages"}],"about":[{"href":"https:\/\/sentinela.digital\/site\/wp-json\/wp\/v2\/types\/page"}],"author":[{"embeddable":true,"href":"https:\/\/sentinela.digital\/site\/wp-json\/wp\/v2\/users\/1"}],"replies":[{"embeddable":true,"href":"https:\/\/sentinela.digital\/site\/wp-json\/wp\/v2\/comments?post=940"}],"version-history":[{"count":10,"href":"https:\/\/sentinela.digital\/site\/wp-json\/wp\/v2\/pages\/940\/revisions"}],"predecessor-version":[{"id":1391,"href":"https:\/\/sentinela.digital\/site\/wp-json\/wp\/v2\/pages\/940\/revisions\/1391"}],"wp:attachment":[{"href":"https:\/\/sentinela.digital\/site\/wp-json\/wp\/v2\/media?parent=940"}],"curies":[{"name":"wp","href":"https:\/\/api.w.org\/{rel}","templated":true}]}}